{"id":12,"date":"2026-02-21T22:30:54","date_gmt":"2026-02-21T21:30:54","guid":{"rendered":"https:\/\/lalaveriedelumo-csbyu.wordpress.com\/home\/"},"modified":"2026-03-18T17:47:14","modified_gmt":"2026-03-18T17:47:14","slug":"home","status":"publish","type":"page","link":"https:\/\/lalaveriedelumo.fr\/","title":{"rendered":""},"content":{"rendered":"\n<div class=\"wp-block-group alignfull is-horizontal is-content-justification-center is-nowrap is-layout-flex wp-container-core-group-is-layout-b518c430 wp-block-group-is-layout-flex\" style=\"padding-top:var(--wp--preset--spacing--20);padding-bottom:var(--wp--preset--spacing--20)\">\n<div class=\"wp-block-columns alignfull wp-container-content-9cfa9a5a is-layout-flex wp-container-core-columns-is-layout-a4ccfc99 wp-block-columns-is-layout-flex\">\n<div class=\"wp-block-column has-global-padding is-layout-constrained wp-container-core-column-is-layout-72e8cf26 wp-block-column-is-layout-constrained\" style=\"padding-right:var(--wp--preset--spacing--30);flex-basis:100%\">\n<h1 class=\"wp-block-heading has-xx-large-font-size\">La Laverie de LUm&#8217;o<\/h1>\n<\/div>\n<\/div>\n<\/div>\n\n\n\n<div class=\"wp-block-group alignfull is-horizontal is-content-justification-center is-nowrap is-layout-flex wp-container-core-group-is-layout-b518c430 wp-block-group-is-layout-flex\" style=\"padding-top:var(--wp--preset--spacing--20);padding-bottom:var(--wp--preset--spacing--20)\">\n<div class=\"wp-block-columns alignfull are-vertically-aligned-center wp-container-content-9cfa9a5a is-layout-flex wp-container-core-columns-is-layout-a4ccfc99 wp-block-columns-is-layout-flex\">\n<div class=\"wp-block-column is-vertically-aligned-center has-global-padding is-layout-constrained wp-container-core-column-is-layout-72e8cf26 wp-block-column-is-layout-constrained\" style=\"padding-right:var(--wp--preset--spacing--30);flex-basis:100%\">\n<div class=\"wp-block-jetpack-contact-info\">\n<div class=\"wp-block-jetpack-email\">E-mail : <a href=\"mailto:lalaveriedelumo@gmail.com\">lalaveriedelumo@gmail.com<\/a><\/div>\n\n\n\n<div class=\"wp-block-jetpack-phone\"><span class=\"phone-prefix\">T\u00e9l. : <\/span><a href=\"tel:0000000000\">00 00 00 00 00<\/a><\/div>\n<\/div>\n<\/div>\n<\/div>\n\n\n\n<hr class=\"wp-block-separator has-alpha-channel-opacity\" style=\"margin-top:0;margin-bottom:0\"\/>\n<\/div>\n\n\n\n<div class=\"wp-block-group alignfull is-style-section-2 has-background has-global-padding is-content-justification-center is-layout-constrained wp-block-group-is-layout-constrained is-style-section-2--1\" style=\"background-color:#f5fafa;margin-top:0;margin-bottom:0;padding-top:var(--wp--preset--spacing--40);padding-bottom:var(--wp--preset--spacing--40)\">\n<div class=\"wp-block-columns alignwide are-vertically-aligned-center is-layout-flex wp-container-core-columns-is-layout-28f84493 wp-block-columns-is-layout-flex\">\n<div class=\"wp-block-column is-vertically-aligned-center is-layout-flow wp-block-column-is-layout-flow\">\n<figure class=\"wp-block-image size-full\"><img loading=\"lazy\" decoding=\"async\" width=\"512\" height=\"512\" src=\"https:\/\/lalaveriedelumo.fr\/wp-content\/uploads\/2026\/02\/cropped-logo-1.png\" alt=\"\" class=\"wp-image-23\" style=\"aspect-ratio:1;object-fit:cover\" srcset=\"https:\/\/lalaveriedelumo.fr\/wp-content\/uploads\/2026\/02\/cropped-logo-1.png 512w, https:\/\/lalaveriedelumo.fr\/wp-content\/uploads\/2026\/02\/cropped-logo-1-300x300.png 300w, https:\/\/lalaveriedelumo.fr\/wp-content\/uploads\/2026\/02\/cropped-logo-1-150x150.png 150w\" sizes=\"auto, (max-width: 512px) 100vw, 512px\" \/><\/figure>\n<\/div>\n\n\n\n<div class=\"wp-block-column is-vertically-aligned-center is-layout-flow wp-block-column-is-layout-flow\">\n<h2 class=\"wp-block-heading alignwide\">Nos Services<\/h2>\n\n\n\n<p class=\"is-service-description\">Lavage rapide, machines grandes capacit\u00e9s, option sans contact, essorage efficace et s\u00e9chage rapide pour une exp\u00e9rience simple et fiable.<\/p>\n\n\n\n<div class=\"wp-block-buttons is-layout-flex wp-block-buttons-is-layout-flex\">\n<div class=\"wp-block-button is-service-link\"><a class=\"wp-block-button__link wp-element-button\" href=\"\/\" style=\"border-top-left-radius:25px;border-top-right-radius:25px;border-bottom-left-radius:25px;border-bottom-right-radius:25px\">Voir la disponibilit\u00e9 des machines<\/a><\/div>\n<\/div>\n<\/div>\n<\/div>\n<\/div>\n\n\n\n<div class=\"wp-block-group alignfull is-style-section-2 has-background has-global-padding is-content-justification-center is-layout-constrained wp-container-core-group-is-layout-7967766c wp-block-group-is-layout-constrained is-style-section-2--2\" style=\"background-color:#f5fafa;margin-top:0;margin-bottom:0;padding-top:var(--wp--preset--spacing--40);padding-bottom:var(--wp--preset--spacing--50)\">\n<h2 class=\"wp-block-heading alignwide has-text-align-center is-pricing-title\">Tarifs<\/h2>\n\n\n\n<div class=\"wp-block-group alignwide is-layout-flow wp-block-group-is-layout-flow\">\n<div class=\"wp-block-group is-layout-flow wp-block-group-is-layout-flow\">\n<div class=\"wp-block-columns alignwide is-layout-flex wp-container-core-columns-is-layout-73d3e79b wp-block-columns-is-layout-flex\">\n<div class=\"wp-block-column is-style-default has-small-font-size is-layout-flow wp-container-core-column-is-layout-d861e3ee wp-block-column-is-layout-flow\" style=\"padding-top:var(--wp--preset--spacing--40);padding-right:var(--wp--preset--spacing--40);padding-bottom:var(--wp--preset--spacing--40);padding-left:var(--wp--preset--spacing--40)\">\n<div class=\"wp-block-group has-global-padding is-layout-constrained wp-container-core-group-is-layout-1026f38c wp-block-group-is-layout-constrained\">\n<h3 class=\"wp-block-heading has-text-align-center is-pricing-tier-name has-small-font-size\">Machine 6 kg<\/h3>\n\n\n\n<p class=\"has-text-align-center is-pricing-tier-price has-medium-font-size\">5,50\u20ac<\/p>\n\n\n\n<p class=\"has-text-align-center is-pricing-tier-service\">lessive offerte<\/p>\n<\/div>\n<\/div>\n\n\n\n<div class=\"wp-block-column is-style-section-3 has-theme-4-color has-text-color has-background has-link-color has-small-font-size wp-elements-7aaab68505518bf8a3c0b6d07477e359 is-layout-flow wp-container-core-column-is-layout-d861e3ee wp-block-column-is-layout-flow is-style-section-3--3\" style=\"background-color:#05d5d5;padding-top:var(--wp--preset--spacing--40);padding-right:var(--wp--preset--spacing--40);padding-bottom:var(--wp--preset--spacing--40);padding-left:var(--wp--preset--spacing--40)\">\n<div class=\"wp-block-group has-small-font-size has-global-padding is-layout-constrained wp-container-core-group-is-layout-1026f38c wp-block-group-is-layout-constrained\">\n<h3 class=\"wp-block-heading has-text-align-center is-pricing-tier-name has-small-font-size\">Machine 11 kg<\/h3>\n\n\n\n<p class=\"has-text-align-center is-pricing-tier-price has-medium-font-size\">7,50\u20ac<\/p>\n\n\n\n<p class=\"has-text-align-center is-pricing-tier-service has-small-font-size\">lessive offerte<\/p>\n<\/div>\n<\/div>\n\n\n\n<div class=\"wp-block-column is-style-default is-layout-flow wp-container-core-column-is-layout-d861e3ee wp-block-column-is-layout-flow\" style=\"padding-top:var(--wp--preset--spacing--40);padding-right:var(--wp--preset--spacing--40);padding-bottom:var(--wp--preset--spacing--40);padding-left:var(--wp--preset--spacing--40)\">\n<div class=\"wp-block-group has-global-padding is-layout-constrained wp-container-core-group-is-layout-1026f38c wp-block-group-is-layout-constrained\">\n<h3 class=\"wp-block-heading has-text-align-center is-pricing-tier-name has-small-font-size\">Machine 20 Kg<\/h3>\n\n\n\n<p class=\"has-text-align-center is-pricing-tier-price has-medium-font-size\">11\u20ac<\/p>\n\n\n\n<p class=\"has-text-align-center is-pricing-tier-service\">lessive offerte<\/p>\n<\/div>\n<\/div>\n\n\n\n<div class=\"wp-block-column is-style-section-1 has-background is-layout-flow wp-container-core-column-is-layout-d861e3ee wp-block-column-is-layout-flow is-style-section-1--4\" style=\"background-color:#05d5d5;padding-top:var(--wp--preset--spacing--40);padding-right:var(--wp--preset--spacing--40);padding-bottom:var(--wp--preset--spacing--40);padding-left:var(--wp--preset--spacing--40)\">\n<div class=\"wp-block-group has-global-padding is-layout-constrained wp-container-core-group-is-layout-1026f38c wp-block-group-is-layout-constrained\">\n<h3 class=\"wp-block-heading has-text-align-center is-pricing-tier-name has-small-font-size\">S\u00e8che-linge<\/h3>\n\n\n\n<p class=\"has-text-align-center is-pricing-tier-price has-medium-font-size\">1,50\u20ac<\/p>\n\n\n\n<p class=\"has-text-align-center is-pricing-tier-service\">S\u00e9chage rapide<\/p>\n<\/div>\n<\/div>\n<\/div>\n<\/div>\n<\/div>\n<\/div>\n\n\n\n<div class=\"wp-block-cover\" style=\"margin-top:0;margin-bottom:0;min-height:400px;aspect-ratio:unset;\"><img decoding=\"async\" class=\"wp-block-cover__image-background wp-image-34\" alt=\"\" src=\"https:\/\/lalaveriedelumo-csbyu.wordpress.com\/wp-content\/uploads\/2026\/02\/mondial-relay.jpg\" style=\"object-position:0% 0%\" data-object-fit=\"cover\" data-object-position=\"0% 0%\"\/><span aria-hidden=\"true\" class=\"wp-block-cover__background has-background-dim-40 has-background-dim\" style=\"background-color:#a48a9e\"><\/span><div class=\"wp-block-cover__inner-container is-layout-flow wp-block-cover-is-layout-flow\">\n<p class=\"has-text-align-center has-x-large-font-size\"><strong>2 lockers mondial relay \u00e0 votre disposition<\/strong><\/p>\n<\/div><\/div>\n\n\n\n<div class=\"wp-block-group alignfull is-style-default has-global-padding is-content-justification-center is-layout-constrained wp-block-group-is-layout-constrained\" style=\"margin-top:0;margin-bottom:0;padding-top:var(--wp--preset--spacing--40);padding-bottom:var(--wp--preset--spacing--40)\">\n<div class=\"wp-block-group has-global-padding is-layout-constrained wp-container-core-group-is-layout-f44438b0 wp-block-group-is-layout-constrained\">\n<div class=\"wp-block-group alignwide is-vertical is-content-justification-center is-layout-flex wp-container-core-group-is-layout-ce155fab wp-block-group-is-layout-flex\">\n<h2 class=\"wp-block-heading alignwide has-text-align-center is-contact-section-name\" style=\"margin-top:0;margin-bottom:0\">Nous contacter<\/h2>\n\n\n\n<p class=\"has-text-align-center is-contact-description\">Besoin d\u2019informations? Notre \u00e9quipe est disponible tous les jours pour r\u00e9pondre \u00e0 vos questions et vous aider \u00e0 planifier votre lavage efficace.<\/p>\n<\/div>\n\n\n<div class=\"wp-block-jetpack-contact-form is-style-default is-layout-flex wp-container-jetpack-contact-form-is-layout-2b4208ba wp-block-jetpack-contact-form-is-layout-flex\"><a href=\"https:\/\/lalaveriedelumo.fr\/\" target=\"_blank\" rel=\"noopener noreferrer\">Submit a form.<\/a><\/div><\/div>\n<\/div>\n\n\n\n<p>A bient\u00f4t !<\/p>\n\n\n\n<p><\/p>\n","protected":false},"excerpt":{"rendered":"<p>La Laverie de LUm&#8217;o Nos Services Lavage rapide, machines grandes capacit\u00e9s, option sans contact, essorage efficace et s\u00e9chage rapide pour une exp\u00e9rience simple et fiable. Tarifs Machine 6 kg 5,50\u20ac lessive offerte Machine 11 kg 7,50\u20ac lessive offerte Machine 20 Kg 11\u20ac lessive offerte S\u00e8che-linge 1,50\u20ac S\u00e9chage rapide Nous contacter Besoin d\u2019informations? Notre \u00e9quipe est [&hellip;]<\/p>\n","protected":false},"author":1,"featured_media":0,"parent":0,"menu_order":0,"comment_status":"closed","ping_status":"closed","template":"template-blank","meta":{"footnotes":""},"class_list":["post-12","page","type-page","status-publish","hentry"],"jetpack_sharing_enabled":true,"_links":{"self":[{"href":"https:\/\/lalaveriedelumo.fr\/index.php?rest_route=\/wp\/v2\/pages\/12","targetHints":{"allow":["GET"]}}],"collection":[{"href":"https:\/\/lalaveriedelumo.fr\/index.php?rest_route=\/wp\/v2\/pages"}],"about":[{"href":"https:\/\/lalaveriedelumo.fr\/index.php?rest_route=\/wp\/v2\/types\/page"}],"author":[{"embeddable":true,"href":"https:\/\/lalaveriedelumo.fr\/index.php?rest_route=\/wp\/v2\/users\/1"}],"replies":[{"embeddable":true,"href":"https:\/\/lalaveriedelumo.fr\/index.php?rest_route=%2Fwp%2Fv2%2Fcomments&post=12"}],"version-history":[{"count":13,"href":"https:\/\/lalaveriedelumo.fr\/index.php?rest_route=\/wp\/v2\/pages\/12\/revisions"}],"predecessor-version":[{"id":87,"href":"https:\/\/lalaveriedelumo.fr\/index.php?rest_route=\/wp\/v2\/pages\/12\/revisions\/87"}],"wp:attachment":[{"href":"https:\/\/lalaveriedelumo.fr\/index.php?rest_route=%2Fwp%2Fv2%2Fmedia&parent=12"}],"curies":[{"name":"wp","href":"https:\/\/api.w.org\/{rel}","templated":true}]}}